{"id":169,"date":"2025-08-01T00:47:30","date_gmt":"2025-07-31T22:47:30","guid":{"rendered":"https:\/\/www.cesam3d.be\/?page_id=169"},"modified":"2025-08-01T00:47:30","modified_gmt":"2025-07-31T22:47:30","slug":"nous-creons-lextraodinaire","status":"publish","type":"page","link":"https:\/\/www.cesam3d.be\/en\/nous-creons-lextraodinaire\/","title":{"rendered":"We create the extraordinary"},"content":{"rendered":"<p>At CESAM, we've always loved creating. For a long time, we've designed \"standard\" sized pieces, projects on a human scale, precise, meticulous, designed to make an impression.<\/p>\n\n\n\n<p>But today, we decided to think bigger. Much bigger.<\/p>\n\n\n\n<p>With the addition of new talent to our team, we're now pushing the boundaries of what's possible. Our expertise extends to monumental structures, large-scale art installations, and immersive sets that stand out for their scale and visual impact.<\/p>\n\n\n\n<p>We no longer want to simply decorate a space. We want to transform it.<\/p>\n\n\n\n<p>Our ambition? To create impressive, immersive works capable of inspiring dreams, making people think, and leaving a lasting impression on audiences. All with the same commitment to customization, quality, and craftsmanship that has always made our reputation.<\/p>\n\n\n\n<p>CESAM's future is great. And it starts now.<\/p>","protected":false},"excerpt":{"rendered":"<p>Chez CESAM, nous avons toujours aim\u00e9 cr\u00e9er. Pendant longtemps, nous avons con\u00e7u des pi\u00e8ces de taille \u201cstandard\u201d, des projets \u00e0 \u00e9chelle humaine, pr\u00e9cis, soign\u00e9s, pens\u00e9s pour marquer les esprits. Mais aujourd\u2019hui, nous avons d\u00e9cid\u00e9 de voir plus grand. Beaucoup plus grand. Gr\u00e2ce \u00e0 l\u2019arriv\u00e9e de nouveaux talents dans notre \u00e9quipe, nous repoussons d\u00e9sormais les limites [&hellip;]<\/p>\n","protected":false},"author":1,"featured_media":0,"parent":0,"menu_order":0,"comment_status":"closed","ping_status":"closed","template":"","meta":{"saved_in_kubio":false,"footnotes":""},"class_list":["post-169","page","type-page","status-publish","hentry"],"kubio_ai_page_context":{"short_desc":"","purpose":"general"},"_links":{"self":[{"href":"https:\/\/www.cesam3d.be\/en\/wp-json\/wp\/v2\/pages\/169","targetHints":{"allow":["GET"]}}],"collection":[{"href":"https:\/\/www.cesam3d.be\/en\/wp-json\/wp\/v2\/pages"}],"about":[{"href":"https:\/\/www.cesam3d.be\/en\/wp-json\/wp\/v2\/types\/page"}],"author":[{"embeddable":true,"href":"https:\/\/www.cesam3d.be\/en\/wp-json\/wp\/v2\/users\/1"}],"replies":[{"embeddable":true,"href":"https:\/\/www.cesam3d.be\/en\/wp-json\/wp\/v2\/comments?post=169"}],"version-history":[{"count":1,"href":"https:\/\/www.cesam3d.be\/en\/wp-json\/wp\/v2\/pages\/169\/revisions"}],"predecessor-version":[{"id":171,"href":"https:\/\/www.cesam3d.be\/en\/wp-json\/wp\/v2\/pages\/169\/revisions\/171"}],"wp:attachment":[{"href":"https:\/\/www.cesam3d.be\/en\/wp-json\/wp\/v2\/media?parent=169"}],"curies":[{"name":"wp","href":"https:\/\/api.w.org\/{rel}","templated":true}]}}