{"id":163,"date":"2025-08-01T00:04:32","date_gmt":"2025-07-31T22:04:32","guid":{"rendered":"https:\/\/www.cesam3d.be\/?page_id=163"},"modified":"2025-08-01T00:04:32","modified_gmt":"2025-07-31T22:04:32","slug":"ouverture-de-notre-nouveau-site","status":"publish","type":"page","link":"https:\/\/www.cesam3d.be\/en\/ouverture-de-notre-nouveau-site\/","title":{"rendered":"Opening of our new website"},"content":{"rendered":"<p>We are proud to welcome you to our brand new website, designed and conceived as a true showcase of our expertise. Much more than a simple visual refresh, this redesign marks an important step in CESAM's evolution. It reflects our ambition to offer powerful visual experiences, strengthen our creative identity, and make our world accessible, fluid, and immersive for all.<\/p>\n\n\n\n<p>Each section has been carefully designed to showcase our projects, highlight our team, and give you a behind-the-scenes look at our work. You'll discover concrete achievements, notable collaborations, and objects that are as technical as they are meaningful.<\/p>\n\n\n\n<p>Designed for the future, this site is also a platform for our community to express themselves: news, current projects, innovations, behind-the-scenes insights, and reflections will be regularly shared. More intuitive, faster, and perfectly adapted to all media, it also allows us to better communicate with you\u2014customers, partners, the curious, or future collaborators.<\/p>\n\n\n\n<p>This redesign is just the beginning. New features, new sections, and new projects will be coming soon. So feel free to explore, interact, and give us your feedback.<\/p>\n\n\n\n<p>Welcome to the CESAM universe, more alive than ever.<\/p>\n\n\n\n<p><\/p>","protected":false},"excerpt":{"rendered":"<p>Nous sommes fiers de vous accueillir sur notre tout nouveau site internet, pens\u00e9 et con\u00e7u comme une v\u00e9ritable vitrine de notre savoir-faire. Bien plus qu\u2019un simple rafra\u00eechissement visuel, cette refonte marque une \u00e9tape importante dans l\u2019\u00e9volution de CESAM. Elle refl\u00e8te notre ambition de proposer des exp\u00e9riences visuelles fortes, de renforcer notre identit\u00e9 cr\u00e9ative et de [&hellip;]<\/p>\n","protected":false},"author":1,"featured_media":0,"parent":0,"menu_order":0,"comment_status":"closed","ping_status":"closed","template":"","meta":{"saved_in_kubio":false,"footnotes":""},"class_list":["post-163","page","type-page","status-publish","hentry"],"kubio_ai_page_context":{"short_desc":"","purpose":"general"},"_links":{"self":[{"href":"https:\/\/www.cesam3d.be\/en\/wp-json\/wp\/v2\/pages\/163","targetHints":{"allow":["GET"]}}],"collection":[{"href":"https:\/\/www.cesam3d.be\/en\/wp-json\/wp\/v2\/pages"}],"about":[{"href":"https:\/\/www.cesam3d.be\/en\/wp-json\/wp\/v2\/types\/page"}],"author":[{"embeddable":true,"href":"https:\/\/www.cesam3d.be\/en\/wp-json\/wp\/v2\/users\/1"}],"replies":[{"embeddable":true,"href":"https:\/\/www.cesam3d.be\/en\/wp-json\/wp\/v2\/comments?post=163"}],"version-history":[{"count":1,"href":"https:\/\/www.cesam3d.be\/en\/wp-json\/wp\/v2\/pages\/163\/revisions"}],"predecessor-version":[{"id":165,"href":"https:\/\/www.cesam3d.be\/en\/wp-json\/wp\/v2\/pages\/163\/revisions\/165"}],"wp:attachment":[{"href":"https:\/\/www.cesam3d.be\/en\/wp-json\/wp\/v2\/media?parent=163"}],"curies":[{"name":"wp","href":"https:\/\/api.w.org\/{rel}","templated":true}]}}