{"id":156,"date":"2025-07-31T23:43:47","date_gmt":"2025-07-31T21:43:47","guid":{"rendered":"https:\/\/www.cesam3d.be\/?page_id=156"},"modified":"2025-07-31T23:43:47","modified_gmt":"2025-07-31T21:43:47","slug":"horloge-back-to-the-future-une-capsule-temporelle-nee-de-notre-collaboration-avec-jeje-linge","status":"publish","type":"page","link":"https:\/\/www.cesam3d.be\/en\/horloge-back-to-the-future-une-capsule-temporelle-nee-de-notre-collaboration-avec-jeje-linge\/","title":{"rendered":"\u201cBack to the Future\u201d Clock \u2014 A time capsule born from our collaboration with J\u00e9j\u00e9 l\u2019Ing\u00e9"},"content":{"rendered":"<p>Some collaborations do more than bring together skills: they tell a story. This story begins with a shared passion for iconic objects, cinema, and beautiful technical ideas.<br>Together with J\u00e9j\u00e9 l\u2019Ing\u00e9, a designer renowned for his unique connected objects, we have brought to life a revisited version of the iconic clock from Back to the Future.<\/p>\n\n\n\n<p>The goal? To perfectly replicate the DeLorean's time-traveling illusion, but in a modern, Wi-Fi-connected, fully functional version that's visually faithful to the spirit of the film.<br>At CESAM3D, we took care of the entire design, modeling and manufacturing of the case: a structure designed to accommodate the electronic modules while maintaining a credible retro-futuristic aesthetic.<\/p>\n\n\n\n<p>But what gives the object its soul are the finishes.<\/p>\n\n\n\n<p>Each piece was sanded, primed and then hand-painted, with multiple coats and special effects to recreate the brushed, worn metal look of 80s cinema.<br>We worked on nuances, shadows and shines to achieve a realistic, almost cinematic visual result, as if the object came straight out of the trunk of the DeLorean.<\/p>\n\n\n\n<p>The project concluded with assembly, Wi-Fi synchronization tests, and final validation of an object at the crossroads of geek and craftsmanship, between technology and nostalgia.<\/p>\n\n\n\n<p>A true gem of collaborative manufacturing, designed for those who grew up with dreams of 88 miles per hour.<\/p>\n\n\n\n<p><\/p>","protected":false},"excerpt":{"rendered":"<p>Certaines collaborations font plus que rassembler des comp\u00e9tences : elles racontent une histoire. Celle-ci commence avec une passion commune pour les objets cultes, le cin\u00e9ma, et les belles id\u00e9es techniques.Ensemble avec J\u00e9j\u00e9 l\u2019Ing\u00e9, cr\u00e9ateur reconnu pour ses objets connect\u00e9s uniques, nous avons donn\u00e9 vie \u00e0 une version revisit\u00e9e de l\u2019horloge embl\u00e9matique de Retour vers le [&hellip;]<\/p>\n","protected":false},"author":1,"featured_media":0,"parent":0,"menu_order":0,"comment_status":"closed","ping_status":"closed","template":"","meta":{"saved_in_kubio":false,"footnotes":""},"class_list":["post-156","page","type-page","status-publish","hentry"],"kubio_ai_page_context":{"short_desc":"","purpose":"general"},"_links":{"self":[{"href":"https:\/\/www.cesam3d.be\/en\/wp-json\/wp\/v2\/pages\/156","targetHints":{"allow":["GET"]}}],"collection":[{"href":"https:\/\/www.cesam3d.be\/en\/wp-json\/wp\/v2\/pages"}],"about":[{"href":"https:\/\/www.cesam3d.be\/en\/wp-json\/wp\/v2\/types\/page"}],"author":[{"embeddable":true,"href":"https:\/\/www.cesam3d.be\/en\/wp-json\/wp\/v2\/users\/1"}],"replies":[{"embeddable":true,"href":"https:\/\/www.cesam3d.be\/en\/wp-json\/wp\/v2\/comments?post=156"}],"version-history":[{"count":1,"href":"https:\/\/www.cesam3d.be\/en\/wp-json\/wp\/v2\/pages\/156\/revisions"}],"predecessor-version":[{"id":158,"href":"https:\/\/www.cesam3d.be\/en\/wp-json\/wp\/v2\/pages\/156\/revisions\/158"}],"wp:attachment":[{"href":"https:\/\/www.cesam3d.be\/en\/wp-json\/wp\/v2\/media?parent=156"}],"curies":[{"name":"wp","href":"https:\/\/api.w.org\/{rel}","templated":true}]}}