{"id":142,"date":"2025-07-31T23:08:49","date_gmt":"2025-07-31T21:08:49","guid":{"rendered":"https:\/\/www.cesam3d.be\/?page_id=142"},"modified":"2025-07-31T23:08:49","modified_gmt":"2025-07-31T21:08:49","slug":"redion-une-vision-devenue-matiere","status":"publish","type":"page","link":"https:\/\/www.cesam3d.be\/en\/redion-une-vision-devenue-matiere\/","title":{"rendered":"REDION, a vision turned into matter"},"content":{"rendered":"<p>Conceived, designed, modeled, tested, corrected, refined... REDION is not simply a brand: it is the culmination of a demanding creative process, born from our passion for total immersion in the world of simracing.<\/p>\n\n\n\n<p>It all starts with an idea: how to enhance the pilot experience through accessories that combine design, technology and emotion?<br>First, we imagined. Then, on our 3D printers, the first shapes came to life. Wind speed, clarity of signals, sensory feedback... every element was designed to make you feel the race, not just see it.<\/p>\n\n\n\n<p>REDION also involves field work: tests in real conditions, feedback from passionate pilots, nights spent adjusting an angle, rethinking a texture, optimizing an airflow.<br>It is a constant desire to offer what we would have dreamed of having as a user.<\/p>\n\n\n\n<p>Today, REDION is on the track. And this is just the beginning.<\/p>\n\n\n\n<p><\/p>","protected":false},"excerpt":{"rendered":"<p>Pens\u00e9, dessin\u00e9, mod\u00e9lis\u00e9, test\u00e9, corrig\u00e9, peaufin\u00e9\u2026 REDION n\u2019est pas simplement une marque : c\u2019est l\u2019aboutissement d\u2019un processus cr\u00e9atif exigeant, n\u00e9 de notre passion pour l\u2019immersion totale dans le monde du simracing. Tout commence par une id\u00e9e : comment sublimer l\u2019exp\u00e9rience pilote \u00e0 travers des accessoires qui allient design, technologie et \u00e9motion ?Nous avons d\u2019abord imagin\u00e9. [&hellip;]<\/p>\n","protected":false},"author":1,"featured_media":0,"parent":0,"menu_order":0,"comment_status":"closed","ping_status":"closed","template":"","meta":{"saved_in_kubio":false,"footnotes":""},"class_list":["post-142","page","type-page","status-publish","hentry"],"kubio_ai_page_context":{"short_desc":"","purpose":"general"},"_links":{"self":[{"href":"https:\/\/www.cesam3d.be\/en\/wp-json\/wp\/v2\/pages\/142","targetHints":{"allow":["GET"]}}],"collection":[{"href":"https:\/\/www.cesam3d.be\/en\/wp-json\/wp\/v2\/pages"}],"about":[{"href":"https:\/\/www.cesam3d.be\/en\/wp-json\/wp\/v2\/types\/page"}],"author":[{"embeddable":true,"href":"https:\/\/www.cesam3d.be\/en\/wp-json\/wp\/v2\/users\/1"}],"replies":[{"embeddable":true,"href":"https:\/\/www.cesam3d.be\/en\/wp-json\/wp\/v2\/comments?post=142"}],"version-history":[{"count":1,"href":"https:\/\/www.cesam3d.be\/en\/wp-json\/wp\/v2\/pages\/142\/revisions"}],"predecessor-version":[{"id":144,"href":"https:\/\/www.cesam3d.be\/en\/wp-json\/wp\/v2\/pages\/142\/revisions\/144"}],"wp:attachment":[{"href":"https:\/\/www.cesam3d.be\/en\/wp-json\/wp\/v2\/media?parent=142"}],"curies":[{"name":"wp","href":"https:\/\/api.w.org\/{rel}","templated":true}]}}